{"id":414,"date":"2018-05-07T20:46:05","date_gmt":"2018-05-07T20:46:05","guid":{"rendered":"http:\/\/innov-r.org\/details-et-parametres-du-programme\/"},"modified":"2025-06-19T10:31:27","modified_gmt":"2025-06-19T14:31:27","slug":"program-details-and-parameters","status":"publish","type":"page","link":"https:\/\/innov-r.org\/en\/program-details-and-parameters\/","title":{"rendered":"Program details and parameters"},"content":{"rendered":"<p>[et_pb_section fb_built=&#8221;1&#8243; _builder_version=&#8221;3.22&#8243; custom_padding=&#8221;69px|0px|55px|0px|false|false&#8221;][et_pb_row _builder_version=&#8221;3.25&#8243; background_size=&#8221;initial&#8221; background_position=&#8221;top_left&#8221; background_repeat=&#8221;repeat&#8221;][et_pb_column type=&#8221;4_4&#8243; _builder_version=&#8221;3.25&#8243; custom_padding=&#8221;|||&#8221; custom_padding__hover=&#8221;|||&#8221;][et_pb_text _builder_version=&#8221;4.5.3&#8243; text_line_height=&#8221;2em&#8221; custom_padding=&#8221;||8px|||&#8221;]<\/p>\n<h2>Program details and parameters<\/h2>\n<p><span style=\"font-weight: 400;\">The financial assistance consists of a non-refundable and non-recurring financial contribution.<\/span><\/p>\n<table class=\"responsive\" style=\"width: 1081px;\">\n<thead>\n<tr>\n<th scope=\"col\" style=\"width: 333px;\"><\/th>\n<th scope=\"col\" style=\"width: 389.867px;\">R\u00e9gular way<\/th>\n<th scope=\"col\" style=\"width: 331.133px;\">Express way<\/th>\n<\/tr>\n<\/thead>\n<tbody>\n<tr>\n<td data-label=\"Technological readiness level (TRL)\" style=\"width: 333px; text-align: left;\">Companies located in Qu\u00e9bec, min.<\/td>\n<td data-label=\"1 to 3\" colspan=\"2\" style=\"text-align: center; width: 721px;\">1<\/td>\n<\/tr>\n<tr>\n<td data-label=\"Technological readiness level (TRL)\" style=\"width: 333px; text-align: left;\">Companies located outside of Qu\u00e9bec (optional)<\/td>\n<td data-label=\"1 to 3\" colspan=\"2\" style=\"text-align: center; width: 721px;\">Yes, as 2nd business<\/td>\n<\/tr>\n<tr>\n<td data-label=\"Technological readiness level (TRL)\" style=\"width: 333px; text-align: left;\">Qu\u00e9bec public research institutes or QPRI (university, CTTC or public research centre), min.<\/td>\n<td data-label=\"1 to 3\" colspan=\"2\" style=\"text-align: center; width: 721px;\">1<\/td>\n<\/tr>\n<tr>\n<td data-label=\"Technological readiness level (TRL)\" style=\"width: 333px; text-align: left;\">Starting Technology Readiness Level<\/td>\n<td data-label=\"1 \u00e0 3\" style=\"text-align: center; width: 389.867px;\"><strong><span>NMT 1-6\u00a0<\/span><\/strong><\/td>\n<td data-label=\"1 \u00e0 3\" style=\"text-align: center; width: 331.133px;\"><strong><span>NMT 1-6<\/span><\/strong><\/td>\n<\/tr>\n<tr>\n<td data-label=\"Technological readiness level (TRL)\" style=\"width: 333px; text-align: left;\"><strong>INNOV-R<\/strong> funding, max. of eligible expenses<\/td>\n<td data-label=\"1 \u00e0 3\" style=\"text-align: center; width: 389.867px;\"><strong><span>40 %<\/span><\/strong><\/td>\n<td data-label=\"1 \u00e0 3\" style=\"text-align: center; width: 331.133px;\"><strong><span>50 %<\/span><\/strong><\/td>\n<\/tr>\n<tr>\n<td data-label=\"Technological readiness level (TRL)\" style=\"width: 333px; text-align: left;\">Private funding, min. of eligible expenses<\/td>\n<td data-label=\"1 \u00e0 3\" style=\"text-align: center; width: 389.867px;\">20 %<br \/> <em>(50 % of wich may\u00a0<\/em><em>be in kind)<\/em><\/td>\n<td data-label=\"1 \u00e0 3\" style=\"text-align: center; width: 331.133px;\">\n<p>50\u00a0%<\/p>\n<p><em>(50 % of wich may<\/em><em> be in kind)<\/em><\/p>\n<\/td>\n<\/tr>\n<tr>\n<td data-label=\"Technological readiness level (TRL)\" style=\"width: 333px; text-align: left;\">Complementary public funding<\/td>\n<td data-label=\"1 to 6\" style=\"text-align: center; width: 389.867px;\">It is possible to add other federal, provincial (other than MEI) or municipal funding sources<\/td>\n<td data-label=\"1 to 6\" style=\"text-align: center; width: 331.133px;\" rowspan=\"2\">No public co-financing possible<\/td>\n<\/tr>\n<tr>\n<td data-label=\"Technological readiness level (TRL)\" style=\"width: 333px; text-align: left;\">Cumulative public funding, max. eligible expenses<\/td>\n<td data-label=\"1 to 6\" style=\"text-align: center; width: 389.867px;\">80%<\/td>\n<\/tr>\n<tr>\n<td data-label=\"Technological readiness level (TRL)\" style=\"width: 333px; text-align: left;\">Maximal duration of projects<\/td>\n<td data-label=\"1 to 3\" colspan=\"2\" style=\"text-align: center; width: 721px;\">3 years<\/td>\n<\/tr>\n<tr>\n<td data-label=\"Technological readiness level (TRL)\" style=\"width: 333px; text-align: left;\">Maximal INNOV-R* funding<br \/> (may vary depending on the industrial sector)<\/td>\n<td data-label=\"1 \u00e0 3\" colspan=\"2\" style=\"width: 721px;\">\n<p style=\"text-align: center;\">Up to $500,000\/year\u00a0 \u00a0 \u00a0 \u00a0 \u00a0 \u00a0 \u00a0 \u00a0 \u00a0 \u00a0 \u00a0 \u00a0 \u00a0 \u00a0 \u00a0 \u00a0 \u00a0 \u00a0 \u00a0 \u00a0 \u00a0 \u00a0 \u00a0 \u00a0 \u00a0 \u00a0 \u00a0 \u00a0 \u00a0 \u00a0 \u00a0\u00a0499 999 $ max<\/p>\n<\/td>\n<\/tr>\n<\/tbody>\n<\/table>\n<p>(*)\u00a0Funding includes all MEI contributions: grant, ICR and management fees<\/p>\n<p><span style=\"font-size: 16px;\">Important Notes:<\/span><\/p>\n<ul>\n<li><em>The funders of a project approve a single budget presenting all the activities. Thus, the matching of a project already funded by the addition of new activities funded by the RSRI does not comply with program standards. In addition, the sources of co-financing identified must be free from existing commitments.<\/em><\/li>\n<li><em>Other sources of public funding can come, for example, from CRSNG, PARI-CNRC, MITACS (non-MEI party). Please contact the RSRI where you are submitting your request for more information.<\/em><\/li>\n<\/ul>\n<p>[\/et_pb_text][\/et_pb_column][\/et_pb_row][et_pb_row _builder_version=&#8221;4.5.3&#8243;][et_pb_column type=&#8221;4_4&#8243; _builder_version=&#8221;3.25&#8243; custom_padding=&#8221;|||&#8221; custom_padding__hover=&#8221;|||&#8221;][et_pb_button url_new_window=&#8221;on&#8221; button_text=&#8221;ENGLISH APPLICANT\u2019S GUIDE AVAILABLE SOON&#8221; button_alignment=&#8221;center&#8221; _builder_version=&#8221;4.5.3&#8243; box_shadow_style=&#8221;preset2&#8243; button_text_size__hover_enabled=&#8221;off&#8221; button_one_text_size__hover_enabled=&#8221;off&#8221; button_two_text_size__hover_enabled=&#8221;off&#8221; button_text_color__hover_enabled=&#8221;off&#8221; button_one_text_color__hover_enabled=&#8221;off&#8221; button_two_text_color__hover_enabled=&#8221;off&#8221; button_border_width__hover_enabled=&#8221;off&#8221; button_one_border_width__hover_enabled=&#8221;off&#8221; button_two_border_width__hover_enabled=&#8221;off&#8221; button_border_color__hover_enabled=&#8221;off&#8221; button_one_border_color__hover_enabled=&#8221;off&#8221; button_two_border_color__hover_enabled=&#8221;off&#8221; button_border_radius__hover_enabled=&#8221;off&#8221; button_one_border_radius__hover_enabled=&#8221;off&#8221; button_two_border_radius__hover_enabled=&#8221;off&#8221; button_letter_spacing__hover_enabled=&#8221;off&#8221; button_one_letter_spacing__hover_enabled=&#8221;off&#8221; button_two_letter_spacing__hover_enabled=&#8221;off&#8221; button_bg_color__hover_enabled=&#8221;off&#8221; button_one_bg_color__hover_enabled=&#8221;off&#8221; button_two_bg_color__hover_enabled=&#8221;off&#8221;][\/et_pb_button][et_pb_button button_url=&#8221;https:\/\/innov-r.org\/wp-content\/uploads\/2021\/10\/INNOV-R-EN-Appnedix-GHG_2021-22.docx&#8221; button_text=&#8221;DOWNLOAD THE APPLICANT&#8217;S FORM&#8221; button_alignment=&#8221;center&#8221; _builder_version=&#8221;4.5.3&#8243; box_shadow_style=&#8221;preset2&#8243;][\/et_pb_button][\/et_pb_column][\/et_pb_row][\/et_pb_section]<\/p>\n","protected":false},"excerpt":{"rendered":"<p>Program details and parameters The financial assistance consists of a non-refundable and non-recurring financial contribution. R\u00e9gular way Express way Companies located in Qu\u00e9bec, min. 1 Companies located outside of Qu\u00e9bec (optional) Yes, as 2nd business Qu\u00e9bec public research institutes or QPRI (university, CTTC or public research centre), min. 1 Starting Technology Readiness Level NMT 1-6\u00a0 [&hellip;]<\/p>\n","protected":false},"author":1,"featured_media":0,"parent":0,"menu_order":2,"comment_status":"closed","ping_status":"closed","template":"","meta":{"_et_pb_use_builder":"on","_et_pb_old_content":"","_et_gb_content_width":""},"_links":{"self":[{"href":"https:\/\/innov-r.org\/en\/wp-json\/wp\/v2\/pages\/414"}],"collection":[{"href":"https:\/\/innov-r.org\/en\/wp-json\/wp\/v2\/pages"}],"about":[{"href":"https:\/\/innov-r.org\/en\/wp-json\/wp\/v2\/types\/page"}],"author":[{"embeddable":true,"href":"https:\/\/innov-r.org\/en\/wp-json\/wp\/v2\/users\/1"}],"replies":[{"embeddable":true,"href":"https:\/\/innov-r.org\/en\/wp-json\/wp\/v2\/comments?post=414"}],"version-history":[{"count":20,"href":"https:\/\/innov-r.org\/en\/wp-json\/wp\/v2\/pages\/414\/revisions"}],"predecessor-version":[{"id":1260,"href":"https:\/\/innov-r.org\/en\/wp-json\/wp\/v2\/pages\/414\/revisions\/1260"}],"wp:attachment":[{"href":"https:\/\/innov-r.org\/en\/wp-json\/wp\/v2\/media?parent=414"}],"curies":[{"name":"wp","href":"https:\/\/api.w.org\/{rel}","templated":true}]}}