{"id":443,"date":"2018-08-09T14:07:50","date_gmt":"2018-08-09T18:07:50","guid":{"rendered":"http:\/\/innov-r.org\/?page_id=443"},"modified":"2025-06-19T10:31:28","modified_gmt":"2025-06-19T14:31:28","slug":"prima-express-your-interest","status":"publish","type":"page","link":"https:\/\/innov-r.org\/en\/prima-express-your-interest\/","title":{"rendered":"PRIMA | Express your interest"},"content":{"rendered":"<p>[et_pb_section fb_built=&#8221;1&#8243; _builder_version=&#8221;3.22&#8243; custom_padding=&#8221;0|0px|55px|0px|false|false&#8221;][et_pb_row _builder_version=&#8221;3.25&#8243; background_size=&#8221;initial&#8221; background_position=&#8221;top_left&#8221; background_repeat=&#8221;repeat&#8221; custom_padding=&#8221;0|0px|27px|0px|false|false&#8221;][et_pb_column type=&#8221;4_4&#8243; _builder_version=&#8221;3.25&#8243; custom_padding=&#8221;|||&#8221; custom_padding__hover=&#8221;|||&#8221;][et_pb_image src=&#8221;https:\/\/innov-r.org\/wp-content\/uploads\/2020\/05\/logo_PRIMA_Bilingue.png&#8221; align=&#8221;center&#8221; align_tablet=&#8221;center&#8221; align_last_edited=&#8221;on|desktop&#8221; _builder_version=&#8221;3.23&#8243; max_width=&#8221;40%&#8221; custom_padding=&#8221;||0px|&#8221;][\/et_pb_image][et_pb_text _builder_version=&#8221;4.5.3&#8243; custom_padding=&#8221;0px|||&#8221; hover_enabled=&#8221;0&#8243;]<\/p>\n<h2>P\u00f4le de recherche et d\u2019innovation en mat\u00e9riaux avanc\u00e9s du Qu\u00e9bec (PRIMA Qu\u00e9bec)<\/h2>\n<p style=\"text-align: justify;\"><span>PRIMA Quebec provides coordination and support for the advanced materials ecosystem that drives innovation and growth throughout Quebec. Through its support and the funding it provides, it helps boost the competitiveness of Qu\u00e9bec companies by enabling them to benefit from research expertise. The targeted sectors of application include transport, infrastructure, energy, environment, microelectronics, telecommunications, health, chemistry, textiles.<\/span><\/p>\n<p style=\"text-align: justify;\"><span>\u00a0<\/span>Technologies targeted by this call for projects include primarily:<\/p>\n<ul>\n<li style=\"text-align: justify;\"><strong>New materials:<\/strong> Polymers, elastomers, biomaterials, metals, innovative fillers, cellulosic filaments, natural and synthetic fibers, nanomaterials, etc.<\/li>\n<li style=\"text-align: justify;\"><strong>Formulated materials or high-performance finished or semi-finished products:<\/strong> Composites (TD or TP), rubbers, alloys, ceramics, smart textiles, flexible materials, membranes, thin layers, coatings, biocompatible materials, encapsulation, sensors, etc.<\/li>\n<li style=\"text-align: justify;\"><strong>Implementation processes, scaling and new characterization techniques: <\/strong>Additive manufacturing and 3D printing, modification and surface treatment, micro\/nanofabrication, tools, new characterization tools, modeling and simulation, shaping processes, etc.<\/li>\n<\/ul>\n<p><u>Contact<\/u>:<br \/> Michel Lef\u00e8vre, B. eng., Ph.D., Principal Advisor, Technology and Innovation<br \/> <a href=\"mailto:michel.lefevre@prima.ca%20\">michel.lefevre@prima.ca<\/a><br \/> T.: 514\u00a0284-0211, ext.\u00a0227<\/p>\n<p>[\/et_pb_text][et_pb_text _builder_version=&#8221;3.27.4&#8243; custom_padding=&#8221;0px|||&#8221;]&nbsp;<\/p>\n<h1 style=\"text-align: center;\"><span class=\"s1\">Express your interest<\/span><\/h1>\n<p>&nbsp;<br \/>\n[\/et_pb_text][\/et_pb_column][\/et_pb_row][et_pb_row disabled_on=&#8221;on|on|on&#8221; _builder_version=&#8221;3.25&#8243; custom_padding=&#8221;27px|0px|27px|0|false|false&#8221; disabled=&#8221;on&#8221;][et_pb_column type=&#8221;4_4&#8243; _builder_version=&#8221;3.25&#8243; custom_padding=&#8221;|||&#8221; custom_padding__hover=&#8221;|||&#8221;][et_pb_contact_form email=&#8221;michel.lefevre@prima.ca&#8221; submit_button_text=&#8221;Submit&#8221; module_id=&#8221;et_pb_contact_form_0&#8243; _builder_version=&#8221;3.2.1&#8243;][et_pb_contact_field field_id=&#8221;Name&#8221; field_title=&#8221;Name&#8221; _builder_version=&#8221;3.16&#8243; button_text_size__hover_enabled=&#8221;off&#8221; button_one_text_size__hover_enabled=&#8221;off&#8221; button_two_text_size__hover_enabled=&#8221;off&#8221; button_text_color__hover_enabled=&#8221;off&#8221; button_one_text_color__hover_enabled=&#8221;off&#8221; button_two_text_color__hover_enabled=&#8221;off&#8221; button_border_width__hover_enabled=&#8221;off&#8221; button_one_border_width__hover_enabled=&#8221;off&#8221; button_two_border_width__hover_enabled=&#8221;off&#8221; button_border_color__hover_enabled=&#8221;off&#8221; button_one_border_color__hover_enabled=&#8221;off&#8221; button_two_border_color__hover_enabled=&#8221;off&#8221; button_border_radius__hover_enabled=&#8221;off&#8221; button_one_border_radius__hover_enabled=&#8221;off&#8221; button_two_border_radius__hover_enabled=&#8221;off&#8221; button_letter_spacing__hover_enabled=&#8221;off&#8221; button_one_letter_spacing__hover_enabled=&#8221;off&#8221; button_two_letter_spacing__hover_enabled=&#8221;off&#8221; button_bg_color__hover_enabled=&#8221;off&#8221; button_one_bg_color__hover_enabled=&#8221;off&#8221; button_two_bg_color__hover_enabled=&#8221;off&#8221;][\/et_pb_contact_field][et_pb_contact_field field_id=&#8221;Email&#8221; field_title=&#8221;Email&#8221; field_type=&#8221;email&#8221; _builder_version=&#8221;3.16&#8243; button_text_size__hover_enabled=&#8221;off&#8221; button_one_text_size__hover_enabled=&#8221;off&#8221; button_two_text_size__hover_enabled=&#8221;off&#8221; button_text_color__hover_enabled=&#8221;off&#8221; button_one_text_color__hover_enabled=&#8221;off&#8221; button_two_text_color__hover_enabled=&#8221;off&#8221; button_border_width__hover_enabled=&#8221;off&#8221; button_one_border_width__hover_enabled=&#8221;off&#8221; button_two_border_width__hover_enabled=&#8221;off&#8221; button_border_color__hover_enabled=&#8221;off&#8221; button_one_border_color__hover_enabled=&#8221;off&#8221; button_two_border_color__hover_enabled=&#8221;off&#8221; button_border_radius__hover_enabled=&#8221;off&#8221; button_one_border_radius__hover_enabled=&#8221;off&#8221; button_two_border_radius__hover_enabled=&#8221;off&#8221; button_letter_spacing__hover_enabled=&#8221;off&#8221; button_one_letter_spacing__hover_enabled=&#8221;off&#8221; button_two_letter_spacing__hover_enabled=&#8221;off&#8221; button_bg_color__hover_enabled=&#8221;off&#8221; button_one_bg_color__hover_enabled=&#8221;off&#8221; button_two_bg_color__hover_enabled=&#8221;off&#8221;][\/et_pb_contact_field][et_pb_contact_field field_id=&#8221;Message&#8221; field_title=&#8221;Message&#8221; field_type=&#8221;text&#8221; fullwidth_field=&#8221;on&#8221; _builder_version=&#8221;3.16&#8243; button_text_size__hover_enabled=&#8221;off&#8221; button_one_text_size__hover_enabled=&#8221;off&#8221; button_two_text_size__hover_enabled=&#8221;off&#8221; button_text_color__hover_enabled=&#8221;off&#8221; button_one_text_color__hover_enabled=&#8221;off&#8221; button_two_text_color__hover_enabled=&#8221;off&#8221; button_border_width__hover_enabled=&#8221;off&#8221; button_one_border_width__hover_enabled=&#8221;off&#8221; button_two_border_width__hover_enabled=&#8221;off&#8221; button_border_color__hover_enabled=&#8221;off&#8221; button_one_border_color__hover_enabled=&#8221;off&#8221; button_two_border_color__hover_enabled=&#8221;off&#8221; button_border_radius__hover_enabled=&#8221;off&#8221; button_one_border_radius__hover_enabled=&#8221;off&#8221; button_two_border_radius__hover_enabled=&#8221;off&#8221; button_letter_spacing__hover_enabled=&#8221;off&#8221; button_one_letter_spacing__hover_enabled=&#8221;off&#8221; button_two_letter_spacing__hover_enabled=&#8221;off&#8221; button_bg_color__hover_enabled=&#8221;off&#8221; button_one_bg_color__hover_enabled=&#8221;off&#8221; button_two_bg_color__hover_enabled=&#8221;off&#8221;][\/et_pb_contact_field][\/et_pb_contact_form][\/et_pb_column][\/et_pb_row][et_pb_row _builder_version=&#8221;3.25&#8243; custom_padding=&#8221;23px|0px|27px|0|false|false&#8221; locked=&#8221;off&#8221;][et_pb_column type=&#8221;4_4&#8243; _builder_version=&#8221;3.25&#8243; custom_padding=&#8221;|||&#8221; custom_padding__hover=&#8221;|||&#8221;][et_pb_code _builder_version=&#8221;3.20.2&#8243;]<script type=\"text\/javascript\">var gform;gform||(document.addEventListener(\"gform_main_scripts_loaded\",function(){gform.scriptsLoaded=!0}),window.addEventListener(\"DOMContentLoaded\",function(){gform.domLoaded=!0}),gform={domLoaded:!1,scriptsLoaded:!1,initializeOnLoaded:function(o){gform.domLoaded&&gform.scriptsLoaded?o():!gform.domLoaded&&gform.scriptsLoaded?window.addEventListener(\"DOMContentLoaded\",o):document.addEventListener(\"gform_main_scripts_loaded\",o)},hooks:{action:{},filter:{}},addAction:function(o,n,r,t){gform.addHook(\"action\",o,n,r,t)},addFilter:function(o,n,r,t){gform.addHook(\"filter\",o,n,r,t)},doAction:function(o){gform.doHook(\"action\",o,arguments)},applyFilters:function(o){return gform.doHook(\"filter\",o,arguments)},removeAction:function(o,n){gform.removeHook(\"action\",o,n)},removeFilter:function(o,n,r){gform.removeHook(\"filter\",o,n,r)},addHook:function(o,n,r,t,i){null==gform.hooks[o][n]&&(gform.hooks[o][n]=[]);var e=gform.hooks[o][n];null==i&&(i=n+\"_\"+e.length),gform.hooks[o][n].push({tag:i,callable:r,priority:t=null==t?10:t})},doHook:function(n,o,r){var t;if(r=Array.prototype.slice.call(r,1),null!=gform.hooks[n][o]&&((o=gform.hooks[n][o]).sort(function(o,n){return o.priority-n.priority}),o.forEach(function(o){\"function\"!=typeof(t=o.callable)&&(t=window[t]),\"action\"==n?t.apply(null,r):r[0]=t.apply(null,r)})),\"filter\"==n)return r[0]},removeHook:function(o,n,t,i){var r;null!=gform.hooks[o][n]&&(r=(r=gform.hooks[o][n]).filter(function(o,n,r){return!!(null!=i&&i!=o.tag||null!=t&&t!=o.priority)}),gform.hooks[o][n]=r)}});<\/script>\n                <div class='gf_browser_gecko gform_wrapper gform_legacy_markup_wrapper' id='gform_wrapper_15' ><form method='post' enctype='multipart\/form-data'  id='gform_15'  action='\/en\/wp-json\/wp\/v2\/pages\/443' >\n                        <div class='gform_body gform-body'><ul id='gform_fields_15' class='gform_fields top_label form_sublabel_below description_below'><li id=\"field_15_1\"  class=\"gfield field_sublabel_below field_description_below gfield_visibility_visible\"  data-js-reload=\"field_15_1\"><label class='gfield_label gfield_label_before_complex'  >Name<\/label><div class='ginput_complex ginput_container no_prefix has_first_name no_middle_name has_last_name no_suffix gf_name_has_2 ginput_container_name' id='input_15_1'>\n                            \n                            <span id='input_15_1_3_container' class='name_first' >\n                                                    <input type='text' name='input_1.3' id='input_15_1_3' value=''   aria-required='false'     \/>\n                                                    <label for='input_15_1_3' >First Name<\/label>\n                                                <\/span>\n                            \n                            <span id='input_15_1_6_container' class='name_last' >\n                                                    <input type='text' name='input_1.6' id='input_15_1_6' value=''   aria-required='false'     \/>\n                                                    <label for='input_15_1_6' >Last Name<\/label>\n                                                <\/span>\n                            \n                        <\/div><\/li><li id=\"field_15_2\"  class=\"gfield field_sublabel_below field_description_below gfield_visibility_visible\"  data-js-reload=\"field_15_2\"><label class='gfield_label' for='input_15_2' >E-mail<\/label><div class='ginput_container ginput_container_email'>\n                            <input name='input_2' id='input_15_2' type='text' value='' class='medium'     aria-invalid=\"false\"  \/>\n                        <\/div><\/li><li id=\"field_15_3\"  class=\"gfield field_sublabel_below field_description_below gfield_visibility_visible\"  data-js-reload=\"field_15_3\"><label class='gfield_label' for='input_15_3' >Message<\/label><div class='ginput_container ginput_container_textarea'><textarea name='input_3' id='input_15_3' class='textarea medium'      aria-invalid=\"false\"   rows='10' cols='50'><\/textarea><\/div><\/li><\/ul><\/div>\n        <div class='gform_footer top_label'> <input type='submit' id='gform_submit_button_15' class='gform_button button' value='Envoyer'  onclick='if(window[\"gf_submitting_15\"]){return false;}  window[\"gf_submitting_15\"]=true;  ' onkeypress='if( event.keyCode == 13 ){ if(window[\"gf_submitting_15\"]){return false;} window[\"gf_submitting_15\"]=true;  jQuery(\"#gform_15\").trigger(\"submit\",[true]); }' \/> \n            <input type='hidden' class='gform_hidden' name='is_submit_15' value='1' \/>\n            <input type='hidden' class='gform_hidden' name='gform_submit' value='15' \/>\n            \n            <input type='hidden' class='gform_hidden' name='gform_unique_id' value='' \/>\n            <input type='hidden' class='gform_hidden' name='state_15' value='WyJbXSIsIjVlZGJmNTY2MWM3YjdiYTEzNjNmMWZiYTZhOWZhNGZlIl0=' \/>\n            <input type='hidden' class='gform_hidden' name='gform_target_page_number_15' id='gform_target_page_number_15' value='0' \/>\n            <input type='hidden' class='gform_hidden' name='gform_source_page_number_15' id='gform_source_page_number_15' value='1' \/>\n            <input type='hidden' name='gform_field_values' value='' \/>\n            \n        <\/div>\n                        <\/form>\n                        <\/div>[\/et_pb_code][\/et_pb_column][\/et_pb_row][\/et_pb_section]<\/p>\n","protected":false},"excerpt":{"rendered":"<p>P\u00f4le de recherche et d\u2019innovation en mat\u00e9riaux avanc\u00e9s du Qu\u00e9bec (PRIMA Qu\u00e9bec) PRIMA Quebec provides coordination and support for the advanced materials ecosystem that drives innovation and growth throughout Quebec. Through its support and the funding it provides, it helps boost the competitiveness of Qu\u00e9bec companies by enabling them to benefit from research expertise. The [&hellip;]<\/p>\n","protected":false},"author":1,"featured_media":0,"parent":0,"menu_order":6,"comment_status":"closed","ping_status":"closed","template":"","meta":{"_et_pb_use_builder":"on","_et_pb_old_content":"","_et_gb_content_width":""},"_links":{"self":[{"href":"https:\/\/innov-r.org\/en\/wp-json\/wp\/v2\/pages\/443"}],"collection":[{"href":"https:\/\/innov-r.org\/en\/wp-json\/wp\/v2\/pages"}],"about":[{"href":"https:\/\/innov-r.org\/en\/wp-json\/wp\/v2\/types\/page"}],"author":[{"embeddable":true,"href":"https:\/\/innov-r.org\/en\/wp-json\/wp\/v2\/users\/1"}],"replies":[{"embeddable":true,"href":"https:\/\/innov-r.org\/en\/wp-json\/wp\/v2\/comments?post=443"}],"version-history":[{"count":6,"href":"https:\/\/innov-r.org\/en\/wp-json\/wp\/v2\/pages\/443\/revisions"}],"predecessor-version":[{"id":1191,"href":"https:\/\/innov-r.org\/en\/wp-json\/wp\/v2\/pages\/443\/revisions\/1191"}],"wp:attachment":[{"href":"https:\/\/innov-r.org\/en\/wp-json\/wp\/v2\/media?parent=443"}],"curies":[{"name":"wp","href":"https:\/\/api.w.org\/{rel}","templated":true}]}}